{"id":107,"date":"2017-04-04T13:15:56","date_gmt":"2017-04-04T13:15:56","guid":{"rendered":"https:\/\/themes.ishyoboy.com\/qusq\/?page_id=107"},"modified":"2021-09-03T14:43:31","modified_gmt":"2021-09-03T14:43:31","slug":"contact","status":"publish","type":"page","link":"https:\/\/centre-unite.com\/?page_id=107","title":{"rendered":"Contact \/ Urgence"},"content":{"rendered":"\n\n<div class=\"wpcf7 no-js\" id=\"wpcf7-f1156-o1\" lang=\"en-US\" dir=\"ltr\">\n<div class=\"screen-reader-response\"><p role=\"status\" aria-live=\"polite\" aria-atomic=\"true\"><\/p> <ul><\/ul><\/div>\n<form action=\"\/index.php?rest_route=%2Fwp%2Fv2%2Fpages%2F107#wpcf7-f1156-o1\" method=\"post\" class=\"wpcf7-form init\" aria-label=\"Contact form\" novalidate=\"novalidate\" data-status=\"init\">\n<div style=\"display: none;\">\n<input type=\"hidden\" name=\"_wpcf7\" value=\"1156\" \/>\n<input type=\"hidden\" name=\"_wpcf7_version\" value=\"5.8.2\" \/>\n<input type=\"hidden\" name=\"_wpcf7_locale\" value=\"en_US\" \/>\n<input type=\"hidden\" name=\"_wpcf7_unit_tag\" value=\"wpcf7-f1156-o1\" \/>\n<input type=\"hidden\" name=\"_wpcf7_container_post\" value=\"0\" \/>\n<input type=\"hidden\" name=\"_wpcf7_posted_data_hash\" value=\"\" \/>\n<input type=\"hidden\" name=\"_wpcf7_recaptcha_response\" value=\"\" \/>\n<\/div>\n<p><label> Nom complet*<br \/>\n<span class=\"wpcf7-form-control-wrap\" data-name=\"your-name\"><input size=\"40\" class=\"wpcf7-form-control wpcf7-text wpcf7-validates-as-required\" aria-required=\"true\" aria-invalid=\"false\" value=\"\" type=\"text\" name=\"your-name\" \/><\/span> <\/label>\n<\/p>\n<p><label> Adresse courriel*<br \/>\n<span class=\"wpcf7-form-control-wrap\" data-name=\"your-email\"><input size=\"40\" class=\"wpcf7-form-control wpcf7-email wpcf7-validates-as-required wpcf7-text wpcf7-validates-as-email\" aria-required=\"true\" aria-invalid=\"false\" value=\"\" type=\"email\" name=\"your-email\" \/><\/span> <\/label>\n<\/p>\n<p><label> Sujet<br \/>\n<span class=\"wpcf7-form-control-wrap\" data-name=\"your-subject\"><input size=\"40\" class=\"wpcf7-form-control wpcf7-text\" aria-invalid=\"false\" value=\"\" type=\"text\" name=\"your-subject\" \/><\/span> <\/label>\n<\/p>\n<p><label> Votre message<br \/>\n<span class=\"wpcf7-form-control-wrap\" data-name=\"your-message\"><textarea cols=\"40\" rows=\"10\" class=\"wpcf7-form-control wpcf7-textarea\" aria-invalid=\"false\" name=\"your-message\"><\/textarea><\/span> <\/label><br \/>\n<input class=\"wpcf7-form-control wpcf7-submit has-spinner\" type=\"submit\" value=\"Envoyer\" \/>\n<\/p>\n<p><label>\n\t<\/label>\n<\/p><div class=\"wpcf7-response-output\" aria-hidden=\"true\"><\/div>\n<\/form>\n<\/div>\n\n<h3 class=\"site-subtitle\" style=\"text-align: center;\"><span class=\"ish-highlight\">Centre<\/span>\u00a0l&#8217;Unit\u00e9<\/h3>\n<p style=\"text-align: center;\"><strong>710, Boul. Decarie<\/strong><br \/>\n<strong> Saint-Laurent QC, H4L 3L5<br \/>\n<\/strong><strong>T\u00e9l. : <a href=\"tel:514-744-1239\">514-744-1239<\/a><br \/>\n<\/strong><strong>info@Centre-unite.com<\/strong><\/p>\n<h3 class=\"site-subtitle\" style=\"text-align: center;\"><span class=\"ish-highlight\" style=\"color: #ff0000;\">En cas d&#8217;urgence<\/span><\/h3>\n<p style=\"text-align: center;\"><strong>On est l\u00e0 pour toi, appelle ou texte nous!<\/strong><\/p>\n<div style=\"width: 20%; float: left;\"><img loading=\"lazy\" decoding=\"async\" class=\"alignnone wp-image-1654 size-full\" style=\"display: block; width: 223px; height: 166px;\" src=\"https:\/\/centre-unite.com\/wp-content\/uploads\/2018\/11\/Cellphone-e1630680023910.png\" alt=\"\" width=\"800\" height=\"1199\" \/><\/div>\n<div class=\"phone\" style=\"width: 80%; float: left; margin-top: 8px; padding-left: 15px;\">\n<p style=\"text-align: left;\">Christian <strong><a href=\"tel:514-567-2406\">514-567-2406<\/a><\/strong><\/p>\n<\/div>\n<h6 style=\"text-align: center;\"><span class=\"ish-highlight ish--tc14\">* Champs obligatoires.<\/span><\/h6>\n","protected":false},"excerpt":{"rendered":"<p>Centre\u00a0l&#8217;Unit\u00e9 710, Boul. Decarie Saint-Laurent QC, H4L 3L5 T\u00e9l. : 514-744-1239 info@Centre-unite.com En cas d&#8217;urgence On est l\u00e0 pour toi, appelle ou texte nous! Christian 514-567-2406 * Champs obligatoires.<\/p>\n","protected":false},"author":3,"featured_media":1084,"parent":0,"menu_order":0,"comment_status":"closed","ping_status":"closed","template":"templates\/contact.php","meta":{"_mi_skip_tracking":false,"_exactmetrics_sitenote_active":false,"_exactmetrics_sitenote_note":"","_exactmetrics_sitenote_category":0,"footnotes":""},"_links":{"self":[{"href":"https:\/\/centre-unite.com\/index.php?rest_route=\/wp\/v2\/pages\/107"}],"collection":[{"href":"https:\/\/centre-unite.com\/index.php?rest_route=\/wp\/v2\/pages"}],"about":[{"href":"https:\/\/centre-unite.com\/index.php?rest_route=\/wp\/v2\/types\/page"}],"author":[{"embeddable":true,"href":"https:\/\/centre-unite.com\/index.php?rest_route=\/wp\/v2\/users\/3"}],"replies":[{"embeddable":true,"href":"https:\/\/centre-unite.com\/index.php?rest_route=%2Fwp%2Fv2%2Fcomments&post=107"}],"version-history":[{"count":47,"href":"https:\/\/centre-unite.com\/index.php?rest_route=\/wp\/v2\/pages\/107\/revisions"}],"predecessor-version":[{"id":2282,"href":"https:\/\/centre-unite.com\/index.php?rest_route=\/wp\/v2\/pages\/107\/revisions\/2282"}],"wp:featuredmedia":[{"embeddable":true,"href":"https:\/\/centre-unite.com\/index.php?rest_route=\/wp\/v2\/media\/1084"}],"wp:attachment":[{"href":"https:\/\/centre-unite.com\/index.php?rest_route=%2Fwp%2Fv2%2Fmedia&parent=107"}],"curies":[{"name":"wp","href":"https:\/\/api.w.org\/{rel}","templated":true}]}}