{"id":1368,"date":"2018-10-12T20:00:30","date_gmt":"2018-10-12T20:00:30","guid":{"rendered":"http:\/\/glmdev.com\/centreunite\/?page_id=1368"},"modified":"2021-09-03T14:09:16","modified_gmt":"2021-09-03T14:09:16","slug":"about","status":"publish","type":"page","link":"https:\/\/centre-unite.com\/?page_id=1368","title":{"rendered":"Qui sommes-nous?"},"content":{"rendered":"<h2><img loading=\"lazy\" decoding=\"async\" class=\"alignnone size-large wp-image-2253\" src=\"https:\/\/centre-unite.com\/wp-content\/uploads\/2021\/09\/NEW-Logo_Unite-01-1024x293.png\" alt=\"\" width=\"980\" height=\"280\" srcset=\"https:\/\/centre-unite.com\/wp-content\/uploads\/2021\/09\/NEW-Logo_Unite-01-1024x293.png 1024w, https:\/\/centre-unite.com\/wp-content\/uploads\/2021\/09\/NEW-Logo_Unite-01-300x86.png 300w, https:\/\/centre-unite.com\/wp-content\/uploads\/2021\/09\/NEW-Logo_Unite-01-768x219.png 768w, https:\/\/centre-unite.com\/wp-content\/uploads\/2021\/09\/NEW-Logo_Unite-01-1536x439.png 1536w, https:\/\/centre-unite.com\/wp-content\/uploads\/2021\/09\/NEW-Logo_Unite-01-2048x585.png 2048w\" sizes=\"(max-width: 980px) 100vw, 980px\" \/><\/h2>\n<h3 style=\"text-align: right;\">Soutenir, \u00c9couter, R\u00e9f\u00e9rer &amp; Accompagner<\/h3>\n<h4><b>MISSION<\/b><\/h4>\n<p><span style=\"font-weight: 400;\">La mission du Centre d&#8217;initiatives pour le d\u00e9veloppement communautaire l&#8217;Unit\u00e9 est d&#8217;intervenir dans les \u00e9coles, les espaces publics et les autres lieux de rassemblement de l\u2019Arrondissement St-Laurent, aupr\u00e8s des jeunes issus de diff\u00e9rentes communaut\u00e9s culturelles et sociales, ainsi que de leurs parents, afin de leur permettre de tisser des liens de solidarit\u00e9 et d&#8217;avoir une participation sociale plus active. <\/span><\/p>\n<p><span style=\"font-weight: 400;\">L\u2019organisme \u0153uvre \u00e0 favoriser l\u2019\u00e9panouissement et le d\u00e9veloppement de saines habitudes de vies ainsi que d\u2019habilet\u00e9s personnelles et sociales par l\u2019entremise de projets destin\u00e9s aux jeunes et \u00e0 leur famille et de ce fait, favoriser leur int\u00e9gration \u00e0 la soci\u00e9t\u00e9 qu\u00e9b\u00e9coise.<\/span><\/p>\n<h4><b>OBJECTIFS G\u00c9N\u00c9RAUX<\/b><\/h4>\n<ul>\n<li style=\"font-weight: 400;\"><span style=\"font-weight: 400;\">Valoriser l\u2019int\u00e9gration des jeunes et de leurs familles \u00e0 la soci\u00e9t\u00e9 qu\u00e9b\u00e9coise et \u00e0 la vie de quartier, en favorisant leur \u00e9panouissement dans un esprit ouverture.<\/span><span style=\"font-weight: 400;\"><br \/>\n<\/span><\/li>\n<li style=\"font-weight: 400;\"><span style=\"font-weight: 400;\">Mettre \u00e0 la disposition des jeunes un endroit anim\u00e9 et stimulant qui encourage la socialisation.<\/span><span style=\"font-weight: 400;\"><br \/>\n<\/span><\/li>\n<li style=\"font-weight: 400;\"><span style=\"font-weight: 400;\">Favoriser le d\u00e9veloppement de saines habitudes de vie et d\u2019habilet\u00e9s personnelles et sociales.<\/span><span style=\"font-weight: 400;\"><br \/>\n<\/span><\/li>\n<li style=\"font-weight: 400;\"><span style=\"font-weight: 400;\">Faire face \u00e0 l\u2019\u00e9mergence de probl\u00e9matiques psychosociales par la pr\u00e9vention et l\u2019intervention aupr\u00e8s des jeunes.<\/span><span style=\"font-weight: 400;\"><br \/>\n<\/span><\/li>\n<li style=\"font-weight: 400;\"><span style=\"font-weight: 400;\">R\u00e9f\u00e9rer, soutenir et accompagner les jeunes et leur famille.<\/span><span style=\"font-weight: 400;\"><br \/>\n<\/span><\/li>\n<li style=\"font-weight: 400;\"><span style=\"font-weight: 400;\">S\u2019impliquer dans le d\u00e9veloppement communautaire de Saint-Laurent par l\u2019entremise de projets destin\u00e9s aux jeunes et \u00e0 leur famille.<\/span><span style=\"font-weight: 400;\"><br \/>\n<\/span><\/li>\n<li style=\"font-weight: 400;\"><span style=\"font-weight: 400;\">D\u00e9velopper et entretenir une collaboration avec le milieu scolaire et communautaire.<\/span><\/li>\n<\/ul>\n<h4><b>PHILOSOPHIE<\/b><\/h4>\n<p><span style=\"font-weight: 400;\">Le Centre l\u2019Unit\u00e9 est un organisme qui axe son intervention sur la pr\u00e9vention. En s\u2019attaquant aux sources des situations qui portent pr\u00e9judices aux jeunes et aux familles, il veut les outiller \u00e0 faire face aux diff\u00e9rentes probl\u00e9matiques auxquelles ils sont confront\u00e9s.<\/span><\/p>\n<p><span style=\"font-weight: 400;\">Notre \u00e9quipe intervient quotidiennement aupr\u00e8s des jeunes et des parents et aborde des sujets qui les touchent de pr\u00e8s ou de loin, que ce soit en mati\u00e8re de gangs de rue, de violence, d\u2019intimidation, de consommation, d\u2019int\u00e9gration, de parcours scolaire et de recherche d\u2019emploi. Des sujets plus positifs comme l\u2019empowerment, le leadership, l\u2019implication citoyenne et l\u2019estime de soi font \u00e9galement partie des sujets abord\u00e9s par les intervenants. C\u2019est par l\u2019entremise de ses divers projets que l\u2019Unit\u00e9 d\u00e9tient le pouvoir d\u2019agir, au moyen d\u2019une intervention pr\u00e9ventive et active. Cette action constitue les fondements d\u2019une d\u00e9marche qui vise \u00e0 r\u00e9duire les effets caus\u00e9s par les diff\u00e9rentes probl\u00e9matiques auxquelles les jeunes et les parents sont confront\u00e9s et devant lesquelles ils sont souvent d\u00e9munis ou impuissants. Les intervenants peuvent passer du temps avec eux et r\u00e9pondre \u00e0 leur besoin de socialisation et \u00e0 leurs questionnements.<\/span><\/p>\n","protected":false},"excerpt":{"rendered":"<p>Soutenir, \u00c9couter, R\u00e9f\u00e9rer &amp; Accompagner MISSION La mission du Centre d&#8217;initiatives pour le d\u00e9veloppement communautaire l&#8217;Unit\u00e9 est d&#8217;intervenir dans les \u00e9coles, les espaces publics et les autres lieux de rassemblement [&hellip;]<\/p>\n","protected":false},"author":1,"featured_media":0,"parent":0,"menu_order":0,"comment_status":"closed","ping_status":"closed","template":"","meta":{"_mi_skip_tracking":false,"_exactmetrics_sitenote_active":false,"_exactmetrics_sitenote_note":"","_exactmetrics_sitenote_category":0,"footnotes":""},"_links":{"self":[{"href":"https:\/\/centre-unite.com\/index.php?rest_route=\/wp\/v2\/pages\/1368"}],"collection":[{"href":"https:\/\/centre-unite.com\/index.php?rest_route=\/wp\/v2\/pages"}],"about":[{"href":"https:\/\/centre-unite.com\/index.php?rest_route=\/wp\/v2\/types\/page"}],"author":[{"embeddable":true,"href":"https:\/\/centre-unite.com\/index.php?rest_route=\/wp\/v2\/users\/1"}],"replies":[{"embeddable":true,"href":"https:\/\/centre-unite.com\/index.php?rest_route=%2Fwp%2Fv2%2Fcomments&post=1368"}],"version-history":[{"count":9,"href":"https:\/\/centre-unite.com\/index.php?rest_route=\/wp\/v2\/pages\/1368\/revisions"}],"predecessor-version":[{"id":2256,"href":"https:\/\/centre-unite.com\/index.php?rest_route=\/wp\/v2\/pages\/1368\/revisions\/2256"}],"wp:attachment":[{"href":"https:\/\/centre-unite.com\/index.php?rest_route=%2Fwp%2Fv2%2Fmedia&parent=1368"}],"curies":[{"name":"wp","href":"https:\/\/api.w.org\/{rel}","templated":true}]}}