{"id":1519,"date":"2018-10-26T13:14:09","date_gmt":"2018-10-26T13:14:09","guid":{"rendered":"http:\/\/glmdev.com\/centreunite\/?page_id=1519"},"modified":"2018-12-05T18:53:17","modified_gmt":"2018-12-05T18:53:17","slug":"implication","status":"publish","type":"page","link":"https:\/\/centre-unite.com\/?page_id=1519","title":{"rendered":"Implication"},"content":{"rendered":"<h3><b>PARTICIPATION \u00c0 LA VIE LAURENTIENNE<\/b><\/h3>\n<h4><img loading=\"lazy\" decoding=\"async\" class=\" wp-image-101 alignright\" src=\"https:\/\/centre-unite.com\/wp-content\/uploads\/2018\/10\/st-laurent.gif\" alt=\"\" width=\"253\" height=\"247\" \/><\/h4>\n<h4><strong><em>Le Centre l\u2019Unit\u00e9 pr\u00f4ne une approche d\u2019intervention de proximit\u00e9. Nous allons vers les jeunes et les familles, directement dans leurs milieux de vie, afin de pouvoir mieux les \u00e9pauler. Pour \u00eatre en mesure de les rejoindre et r\u00e9pondre efficacement \u00e0 leurs besoins, le Centre l\u2019Unit\u00e9 d\u00e9veloppe et entretien des partenariats avec les organismes communautaires et institutions du quartier<\/em><\/strong><\/h4>\n<h4><b>LE COMIT\u00c9 JEUNESSE 6-25 ANS DE SAINT-LAURENT<\/b><\/h4>\n<p><b><span style=\"font-weight: 400;\">Comit\u00e9 tr\u00e8s actif dans la communaut\u00e9 laurentienne, il regroupe tous les acteurs qui interviennent dans le milieu jeunesse. Ce comit\u00e9 a plusieurs sous-comit\u00e9s et comit\u00e9s de travail.<\/span><\/b><\/p>\n<h4><b>CONSEIL D\u2019ADMINISTRATION DU COMIT\u00c9 DES ORGANISMES SOCIAUX DE SAINT-LAURENT (COSSL)<\/b><\/h4>\n<p><span style=\"font-weight: 400;\">Notre organisme a \u00e9t\u00e9 \u00e9lu, il y a plusieurs ann\u00e9es, sur le conseil d\u2019administration de la table de concertation de Saint-Laurent, le COSSL.<\/span><\/p>\n<h4><b>COMIT\u00c9 DE COORDINATION DE LA REVITALISATION URBAINE INT\u00c9GR\u00c9E (RUI)<\/b><\/h4>\n<p><span style=\"font-weight: 400;\">Le Centre s\u2019implique dans ce comit\u00e9 dans le but de contribuer au d\u00e9veloppement du quartier Chameran. Les jeunes sont souvent oubli\u00e9s dans ce type de comit\u00e9. Notre r\u00f4le est de leur donner une voix et de s\u2019assurer que leur r\u00e9alit\u00e9 est prise en consid\u00e9ration au sein du comit\u00e9.<\/span><\/p>\n<h4><b>COMIT\u00c9 ORGANISATEUR DU MAGASIN-PARTAGE<\/b><\/h4>\n<p><span style=\"font-weight: 400;\">Le Centre l\u2019Unit\u00e9 a particip\u00e9 \u00e0 un comit\u00e9 organisateur compos\u00e9 d\u2019organismes multisectoriels afin d\u2019assurer le d\u00e9roulement du Magasin-Partage de la Rentr\u00e9e scolaire \u00e0 Saint-Laurent.<\/span><\/p>\n<h4><b>\u00c9COLES PARTENAIRES ET COMMISSION<br \/>\nSCOLAIRE MARGUERITE-BOURGEOYS<\/b><\/h4>\n<p><span style=\"font-weight: 400;\">Le partenariat avec les \u00e9coles et la commission scolaire est essentiel \u00e0 notre action. Celui-ci repose en grande partie sur le travail de collaboration entre les intervenants et les diff\u00e9rents acteurs du milieu scolaire. Nos intervenants sont quotidiennement appel\u00e9s \u00e0 \u00e9changer de l\u2019information, tant avec la direction qu\u2019avec les enseignants et les professionnels des \u00e9coles. Ainsi, ils peuvent coordonner leurs efforts afin d\u2019aider les jeunes \u00e0 progresser. Cette collaboration peut avoir des r\u00e9percussions positives tant sur le plan comportemental qu\u2019acad\u00e9mique. De plus, les intervenants s\u2018impliquent grandement dans la vie des \u00e9coles, en offrant des ateliers dans les classes, en r\u00e9pondant \u00e0 des situations probl\u00e9matiques ou en accompagnant les classes lors d\u2019\u00e9v\u00e8nements ou de sorties.<\/span><\/p>\n<h3><b>COMIT\u00c9 D&#8217;AXE PRIORITAIRE<\/b><\/h3>\n<h4><b>FINANCEMENT DE BASE DES ORGANISMES<\/b><\/h4>\n<p><span style=\"font-weight: 400;\">Le comit\u00e9 regroupe des organismes qui d\u00e9sire assurer un d\u00e9veloppement solide aux organismes communautaires.<\/span><\/p>\n<h4><b>R\u00c9USSITE \u00c9DUCATIVE ET SOCIALE DES JEUNES<\/b><\/h4>\n<p><span style=\"font-weight: 400;\">Le comit\u00e9 regroupe les organisations qui d\u00e9sirent d\u00e9velopper une vue d\u2019ensemble pour les jeunes de St-Laurent.<\/span><\/p>\n<p>&nbsp;<\/p>\n","protected":false},"excerpt":{"rendered":"<p>PARTICIPATION \u00c0 LA VIE LAURENTIENNE Le Centre l\u2019Unit\u00e9 pr\u00f4ne une approche d\u2019intervention de proximit\u00e9. Nous allons vers les jeunes et les familles, directement dans leurs milieux de vie, afin de [&hellip;]<\/p>\n","protected":false},"author":1,"featured_media":0,"parent":0,"menu_order":0,"comment_status":"closed","ping_status":"closed","template":"","meta":{"_mi_skip_tracking":false,"_exactmetrics_sitenote_active":false,"_exactmetrics_sitenote_note":"","_exactmetrics_sitenote_category":0,"footnotes":""},"_links":{"self":[{"href":"https:\/\/centre-unite.com\/index.php?rest_route=\/wp\/v2\/pages\/1519"}],"collection":[{"href":"https:\/\/centre-unite.com\/index.php?rest_route=\/wp\/v2\/pages"}],"about":[{"href":"https:\/\/centre-unite.com\/index.php?rest_route=\/wp\/v2\/types\/page"}],"author":[{"embeddable":true,"href":"https:\/\/centre-unite.com\/index.php?rest_route=\/wp\/v2\/users\/1"}],"replies":[{"embeddable":true,"href":"https:\/\/centre-unite.com\/index.php?rest_route=%2Fwp%2Fv2%2Fcomments&post=1519"}],"version-history":[{"count":12,"href":"https:\/\/centre-unite.com\/index.php?rest_route=\/wp\/v2\/pages\/1519\/revisions"}],"predecessor-version":[{"id":1860,"href":"https:\/\/centre-unite.com\/index.php?rest_route=\/wp\/v2\/pages\/1519\/revisions\/1860"}],"wp:attachment":[{"href":"https:\/\/centre-unite.com\/index.php?rest_route=%2Fwp%2Fv2%2Fmedia&parent=1519"}],"curies":[{"name":"wp","href":"https:\/\/api.w.org\/{rel}","templated":true}]}}